{"id":8593,"date":"2018-11-30T10:48:57","date_gmt":"2018-11-30T10:48:57","guid":{"rendered":"http:\/\/localhost\/projects\/solar\/?page_id=8593"},"modified":"2020-04-20T08:31:02","modified_gmt":"2020-04-20T06:31:02","slug":"contact-us","status":"publish","type":"page","link":"https:\/\/pureenergy.sk\/en\/contact-us\/","title":{"rendered":"Contact"},"content":{"rendered":"<div data-vc-full-width=\"true\" data-vc-full-width-init=\"false\" data-vc-stretch-content=\"true\" class=\"vc_row wpb_row vc_row-fluid cspt-row cspt-bg-color-yes cspt-bg-color-transparent cspt-zindex-zero vc_row-no-padding\">\n\t\t\t\n<div class=\"wpb_column vc_column_container vc_col-sm-12 cspt-column cspt-bg-color-yes cspt-bg-color-transparent cspt-zindex-zero\">\n\t<div class=\"vc_column-inner\">\n\t\t<div class=\"wpb_wrapper\">\n\t\t\t\n\t<div class=\"wpb_raw_code wpb_content_element wpb_raw_html vc_custom_1579266500978\" >\n\t\t<div class=\"wpb_wrapper\">\n\t\t\t<iframe loading=\"lazy\" src=\"https:\/\/www.google.com\/maps\/embed?pb=!1m18!1m12!1m3!1d2662.10060399926!2d17.121216015914687!3d48.1468656584924!2m3!1f0!2f0!3f0!3m2!1i1024!2i768!4f13.1!3m3!1m2!1s0x476c89478460b1bd%3A0xf31534902477b9e9!2sPure%20Energy%20a.s.!5e0!3m2!1ssk!2ssk!4v1579266198749!5m2!1ssk!2ssk\" width=\"100%\" height=\"450\" frameborder=\"0\" style=\"border:0;\" allowfullscreen=\"\"><\/iframe>\n\t\t<\/div>\n\t<\/div>\n\t\t<\/div>\n\t<\/div>\n<\/div>\n\n<\/div>\n<div class=\"vc_row-full-width vc_clearfix\"><\/div>\n<div class=\"vc_row wpb_row vc_row-fluid vc_custom_1543578681106 cspt-row cspt-bg-color-yes cspt-bg-color-white cspt-zindex-2 cspt-responsive-custom-80506668 cspt-break-col-991\">\n\t\t\t\n<div class=\"wpb_column vc_column_container vc_col-sm-5 cspt-column cspt-text-color-yes cspt-text-color-white cspt-bg-color-yes cspt-bg-color-globalcolor cspt-zindex-zero cspt-responsive-custom-73834559\">\n\t<div class=\"vc_column-inner vc_custom_1546937623292\">\n\t\t<div class=\"wpb_wrapper\">\n\t\t\t<h2 style=\"font-size: 50px;line-height: 65px;text-align: left\" class=\"vc_custom_heading\" >Are you starting a new project?<\/h2>\n<div class=\"vc_row wpb_row vc_inner vc_row-fluid vc_custom_1543579464029 cspt-row-inner cspt-bg-color-yes cspt-bg-color-transparent cspt-zindex-zero\">\n\t<div class=\"wpb_column vc_column_container vc_col-sm-12 cspt-column-inner cspt-bg-color-yes cspt-bg-color-transparent cspt-zindex-zero\"><div class=\"vc_column-inner\"><div class=\"wpb_wrapper\"><h5 style=\"font-size: 20px;text-align: left\" class=\"vc_custom_heading\">Address:<\/h5>\n\t<div class=\"wpb_text_column wpb_content_element\">\n\t\t<div class=\"wpb_wrapper\">\n\t\t\t\n\n\nMal\u00fd trh 2\/A\n\n\nBratislava\n\n\nSlovensk\u00e1 Republika\n\n\n811 08\n\n\n\n\n\t\t<\/div>\n\t<\/div>\n<\/div><\/div><\/div><\/div>\n\n<div class=\"vc_row wpb_row vc_inner vc_row-fluid vc_custom_1543579470108 cspt-row-inner cspt-bg-color-yes cspt-bg-color-transparent cspt-zindex-zero\">\n\t<div class=\"wpb_column vc_column_container vc_col-sm-12 cspt-column-inner cspt-bg-color-yes cspt-bg-color-transparent cspt-zindex-zero\"><div class=\"vc_column-inner\"><div class=\"wpb_wrapper\"><h5 style=\"font-size: 20px;text-align: left\" class=\"vc_custom_heading\">Tel.<\/h5>\n\t<div class=\"wpb_text_column wpb_content_element\">\n\t\t<div class=\"wpb_wrapper\">\n\t\t\tTel.: +421-2-3352 6915\n\n\t\t<\/div>\n\t<\/div>\n<\/div><\/div><\/div><\/div>\n\n\t<div class=\"wpb_text_column wpb_content_element  vc_custom_1543579258561\" >\n\t\t<div class=\"wpb_wrapper\">\n\t\t\t\n\n\t\t<\/div>\n\t<\/div>\n\t\t<\/div>\n\t<\/div>\n<\/div>\n\n\n<div class=\"wpb_column vc_column_container vc_col-sm-7 cspt-column cspt-bg-color-yes cspt-bg-color-transparent cspt-zindex-zero cspt-responsive-custom-65164017\">\n\t<div class=\"vc_column-inner vc_custom_1546937757133\">\n\t\t<div class=\"wpb_wrapper\">\n\t\t\t<h4 style=\"text-align: left\" class=\"vc_custom_heading vc_custom_1579266588783\" >Send us message<\/h4><div role=\"form\" class=\"wpcf7\" id=\"wpcf7-f8606-o1\" lang=\"en-US\" dir=\"ltr\">\n<div class=\"screen-reader-response\"><p role=\"status\" aria-live=\"polite\" aria-atomic=\"true\"><\/p> <ul><\/ul><\/div>\n<form action=\"\/en\/wp-json\/wp\/v2\/pages\/8593#wpcf7-f8606-o1\" method=\"post\" class=\"wpcf7-form init\" novalidate=\"novalidate\" data-status=\"init\" data-trp-original-action=\"\/en\/wp-json\/wp\/v2\/pages\/8593#wpcf7-f8606-o1\">\n<div style=\"display: none;\">\n<input type=\"hidden\" name=\"_wpcf7\" value=\"8606\" \/>\n<input type=\"hidden\" name=\"_wpcf7_version\" value=\"5.5.6\" \/>\n<input type=\"hidden\" name=\"_wpcf7_locale\" value=\"en_US\" \/>\n<input type=\"hidden\" name=\"_wpcf7_unit_tag\" value=\"wpcf7-f8606-o1\" \/>\n<input type=\"hidden\" name=\"_wpcf7_container_post\" value=\"0\" \/>\n<input type=\"hidden\" name=\"_wpcf7_posted_data_hash\" value=\"\" \/>\n<\/div>\n<div class=\"cspt-main-form\">\n<div class=\"row\">\n<div class=\"col-sm-12\">\n<div class=\"input-group\"><span class=\"wpcf7-form-control-wrap your-name\"><input type=\"text\" name=\"your-name\" value=\"\" size=\"40\" class=\"wpcf7-form-control wpcf7-text\" aria-invalid=\"false\" placeholder=\"Your name *\" \/><\/span><\/div>\n<\/div>\n<div class=\"col-sm-12\">\n<div class=\"input-group\"><span class=\"wpcf7-form-control-wrap your-email\"><input type=\"email\" name=\"your-email\" value=\"\" size=\"40\" class=\"wpcf7-form-control wpcf7-text wpcf7-email wpcf7-validates-as-required wpcf7-validates-as-email\" aria-required=\"true\" aria-invalid=\"false\" placeholder=\"Your mail *\" \/><\/span><\/div>\n<\/div>\n<div class=\"col-sm-12\">\n<div class=\"input-group input-button\"><span class=\"wpcf7-form-control-wrap message\"><textarea name=\"message\" cols=\"40\" rows=\"5\" class=\"wpcf7-form-control wpcf7-textarea\" aria-invalid=\"false\" placeholder=\"Message\"><\/textarea><\/span><\/div>\n<\/div>\n<div class=\"col-sm-12\">\n<div class=\"input-group input-button\"><input type=\"submit\" value=\"Send message\" class=\"wpcf7-form-control has-spinner wpcf7-submit\" \/><\/div>\n<\/div>\n<\/div>\n<\/div>\n<div class=\"wpcf7-response-output\" aria-hidden=\"true\"><\/div><input type=\"hidden\" name=\"trp-form-language\" value=\"en\"\/><\/form><\/div>\t\t<\/div>\n\t<\/div>\n<\/div>\n\n<\/div>","protected":false},"excerpt":{"rendered":"Za\u010d\u00ednate nov\u00fd projekt? Adresa: Mal\u00fd trh 2\/A Bratislava Slovensk\u00e1 Republika 811 08 Tel. Tel.: +421-2-3352 6915 Po\u0161lite n\u00e1m spr\u00e1vu","protected":false},"author":1,"featured_media":0,"parent":0,"menu_order":14,"comment_status":"closed","ping_status":"closed","template":"","meta":{"footnotes":""},"class_list":["post-8593","page","type-page","status-publish","hentry"],"acf":[],"_links":{"self":[{"href":"https:\/\/pureenergy.sk\/en\/wp-json\/wp\/v2\/pages\/8593","targetHints":{"allow":["GET"]}}],"collection":[{"href":"https:\/\/pureenergy.sk\/en\/wp-json\/wp\/v2\/pages"}],"about":[{"href":"https:\/\/pureenergy.sk\/en\/wp-json\/wp\/v2\/types\/page"}],"author":[{"embeddable":true,"href":"https:\/\/pureenergy.sk\/en\/wp-json\/wp\/v2\/users\/1"}],"replies":[{"embeddable":true,"href":"https:\/\/pureenergy.sk\/en\/wp-json\/wp\/v2\/comments?post=8593"}],"version-history":[{"count":12,"href":"https:\/\/pureenergy.sk\/en\/wp-json\/wp\/v2\/pages\/8593\/revisions"}],"predecessor-version":[{"id":10258,"href":"https:\/\/pureenergy.sk\/en\/wp-json\/wp\/v2\/pages\/8593\/revisions\/10258"}],"wp:attachment":[{"href":"https:\/\/pureenergy.sk\/en\/wp-json\/wp\/v2\/media?parent=8593"}],"curies":[{"name":"wp","href":"https:\/\/api.w.org\/{rel}","templated":true}]}}