{"id":8564,"date":"2018-11-30T09:57:43","date_gmt":"2018-11-30T09:57:43","guid":{"rendered":"http:\/\/localhost\/projects\/solar\/?page_id=8564"},"modified":"2020-04-24T10:07:56","modified_gmt":"2020-04-24T08:07:56","slug":"project-style-2","status":"publish","type":"page","link":"https:\/\/pureenergy.sk\/en\/project-style-2\/","title":{"rendered":"Projects"},"content":{"rendered":"<div data-vc-full-width=\"true\" data-vc-full-width-init=\"false\" class=\"vc_row wpb_row vc_row-fluid cspt-row cspt-bg-color-yes cspt-bg-color-white cspt-zindex-zero\">\n\t\t\t\n<div class=\"wpb_column vc_column_container vc_col-sm-12 cspt-column cspt-bg-color-yes cspt-bg-color-transparent cspt-zindex-zero\">\n\t<div class=\"vc_column-inner\">\n\t\t<div class=\"wpb_wrapper\">\n\t\t\t<div  class=\"creativesplanet-element creativesplanet-element-portfolio cspt-element-portfolio-style-2 creativesplanet-element-viewtype-row-column\" data-show=\"12\" data-columns=\"3\" data-loop=\"false\" data-autoplay=\"false\" data-center=\"false\" data-nav=\"false\" data-dots=\"false\" data-autoplayspeed=\"1000\" data-margin=\"\"><div class=\"creativesplanet-element-inner\"><div class=\"cspt-element-posts-wrapper row multi-columns-row\"><div class=\"cspt-ele cspt-portfolio-ele col-md-4\"><article class=\"creativesplanet-ele creativesplanet-ele-portfolio cspt-portfolio-style-2 cspt-odd\">\n\t<div class=\"creativesplanet-post-item\">\t\t\t\t\n\t\t<div class=\"cspt-image-wrapper\">\n\t\t\t<div class=\"cspt-featured-wrapper\"><a href=\"https:\/\/pureenergy.sk\/en\/portfolio\/fve-martovce-976-kw\/\"><img loading=\"lazy\" decoding=\"async\" width=\"450\" height=\"299\" src=\"https:\/\/pureenergy.sk\/wp-content\/uploads\/2020\/04\/ilustracne.png\" class=\"attachment-cspt-img-770x500 size-cspt-img-770x500 wp-post-image\" alt=\"\" srcset=\"https:\/\/pureenergy.sk\/wp-content\/uploads\/2020\/04\/ilustracne.png 450w, https:\/\/pureenergy.sk\/wp-content\/uploads\/2020\/04\/ilustracne-300x199.png 300w\" sizes=\"auto, (max-width: 450px) 100vw, 450px\" data-id=\"10304\" \/><\/a><\/div>\t\t<\/div>\t\t\t\n\t\t<div class=\"cspt-content-wrapper\">\n\t\t\t<h3 class=\"cspt-portfolio-title\"><a href=\"https:\/\/pureenergy.sk\/en\/portfolio\/fve-martovce-976-kw\/\">FVE Martovce 976 kW<\/a><\/h3>\t\n\t\t\t\t\t\t\t<div class=\"cspt-short-description\">\n\t\t\t\t\t<p>Fotovoltaick\u00e1 elektr\u00e1re\u0148 v Martovciach, okres Kom\u00e1rno. T\u00e1to elektr\u00e1re\u0148 bola nadobudnut\u00e1 do spr\u00e1vy Pure Energy po pribli\u017ene 5 rokoch prev\u00e1dzky.<\/p>\n\t\t\t\t<\/div>\n\t\t\t\t\t\t\t\t\t\t\n\t\t\t<div class=\"vc_btn3-container vc_btn3-inline\">\n\t\t\t\t<a class=\"vc_general vc_btn3 vc_btn3-size-md vc_btn3-shape-rounded vc_btn3-style-modern vc_btn3-color-globalcolor\" href=\"https:\/\/pureenergy.sk\/en\/portfolio\/fve-martovce-976-kw\/\" title=\"FVE Martovce 976 kW\"><span>Read More<\/span><\/a>\n\t\t\t<\/div>\n\t\t<\/div>\n\t<\/div>\n<\/article><\/div><div class=\"cspt-ele cspt-portfolio-ele col-md-4\"><article class=\"creativesplanet-ele creativesplanet-ele-portfolio cspt-portfolio-style-2 cspt-even\">\n\t<div class=\"creativesplanet-post-item\">\t\t\t\t\n\t\t<div class=\"cspt-image-wrapper\">\n\t\t\t<div class=\"cspt-featured-wrapper\"><a href=\"https:\/\/pureenergy.sk\/en\/portfolio\/fve-dolna-strehova\/\"><img loading=\"lazy\" decoding=\"async\" width=\"450\" height=\"299\" src=\"https:\/\/pureenergy.sk\/wp-content\/uploads\/2020\/04\/ilustracne.png\" class=\"attachment-cspt-img-770x500 size-cspt-img-770x500 wp-post-image\" alt=\"\" srcset=\"https:\/\/pureenergy.sk\/wp-content\/uploads\/2020\/04\/ilustracne.png 450w, https:\/\/pureenergy.sk\/wp-content\/uploads\/2020\/04\/ilustracne-300x199.png 300w\" sizes=\"auto, (max-width: 450px) 100vw, 450px\" data-id=\"10304\" \/><\/a><\/div>\t\t<\/div>\t\t\t\n\t\t<div class=\"cspt-content-wrapper\">\n\t\t\t<h3 class=\"cspt-portfolio-title\"><a href=\"https:\/\/pureenergy.sk\/en\/portfolio\/fve-dolna-strehova\/\">FVE Doln\u00e1 Strehov\u00e1 1 200 kW<\/a><\/h3>\t\n\t\t\t\t\t\t\t<div class=\"cspt-short-description\">\n\t\t\t\t\t<p>Fotovoltaick\u00e1 elektr\u00e1re\u0148 v obci Doln\u00e1 Strehov\u00e1, umiestnen\u00e1 na ju\u017enom svahu p\u00f4vodne zarastenom n\u00e1letov\u00fdmi drevinami, sa nach\u00e1dza v lokalite s priemern\u00fdm po\u010dtom slne\u010dn\u00fdch hod\u00edn.  <\/p>\n\t\t\t\t<\/div>\n\t\t\t\t\t\t\t\t\t\t\n\t\t\t<div class=\"vc_btn3-container vc_btn3-inline\">\n\t\t\t\t<a class=\"vc_general vc_btn3 vc_btn3-size-md vc_btn3-shape-rounded vc_btn3-style-modern vc_btn3-color-globalcolor\" href=\"https:\/\/pureenergy.sk\/en\/portfolio\/fve-dolna-strehova\/\" title=\"FVE Doln\u00e1 Strehov\u00e1 1 200 kW\"><span>Read More<\/span><\/a>\n\t\t\t<\/div>\n\t\t<\/div>\n\t<\/div>\n<\/article><\/div><div class=\"cspt-ele cspt-portfolio-ele col-md-4\"><article class=\"creativesplanet-ele creativesplanet-ele-portfolio cspt-portfolio-style-2 cspt-odd\">\n\t<div class=\"creativesplanet-post-item\">\t\t\t\t\n\t\t<div class=\"cspt-image-wrapper\">\n\t\t\t<div class=\"cspt-featured-wrapper\"><a href=\"https:\/\/pureenergy.sk\/en\/portfolio\/so-to-deliberately-dender\/\"><img loading=\"lazy\" decoding=\"async\" width=\"450\" height=\"299\" src=\"https:\/\/pureenergy.sk\/wp-content\/uploads\/2018\/12\/dsc_4411_web.jpg\" class=\"attachment-cspt-img-770x500 size-cspt-img-770x500 wp-post-image\" alt=\"\" srcset=\"https:\/\/pureenergy.sk\/wp-content\/uploads\/2018\/12\/dsc_4411_web.jpg 450w, https:\/\/pureenergy.sk\/wp-content\/uploads\/2018\/12\/dsc_4411_web-300x199.jpg 300w\" sizes=\"auto, (max-width: 450px) 100vw, 450px\" data-id=\"10262\" \/><\/a><\/div>\t\t<\/div>\t\t\t\n\t\t<div class=\"cspt-content-wrapper\">\n\t\t\t<h3 class=\"cspt-portfolio-title\"><a href=\"https:\/\/pureenergy.sk\/en\/portfolio\/so-to-deliberately-dender\/\">FVE I\u017dA 999 kW<\/a><\/h3>\t\n\t\t\t\t\t\t\t<div class=\"cspt-short-description\">\n\t\t\t\t\t<p>Fotovoltaick\u00e1 elektr\u00e1re\u0148 v obci I\u017ea je prv\u00fd projekt realizovan\u00fd spolo\u010dnos\u0165ou Pure Energy a z\u00e1rove\u0148 prvou fotovoltaickou elektr\u00e1r\u0148ou s vyu\u017eit\u00edm jednop\u00f3lovo nat\u00e1\u010date\u013enej kon\u0161trukcie v r\u00e1mci Slovenskej republiky.<\/p>\n\t\t\t\t<\/div>\n\t\t\t\t\t\t\t\t\t\t\n\t\t\t<div class=\"vc_btn3-container vc_btn3-inline\">\n\t\t\t\t<a class=\"vc_general vc_btn3 vc_btn3-size-md vc_btn3-shape-rounded vc_btn3-style-modern vc_btn3-color-globalcolor\" href=\"https:\/\/pureenergy.sk\/en\/portfolio\/so-to-deliberately-dender\/\" title=\"FVE I\u017dA 999 kW\"><span>Read More<\/span><\/a>\n\t\t\t<\/div>\n\t\t<\/div>\n\t<\/div>\n<\/article><\/div><div class=\"cspt-ele cspt-portfolio-ele col-md-4\"><article class=\"creativesplanet-ele creativesplanet-ele-portfolio cspt-portfolio-style-2 cspt-even\">\n\t<div class=\"creativesplanet-post-item\">\t\t\t\t\n\t\t<div class=\"cspt-image-wrapper\">\n\t\t\t<div class=\"cspt-featured-wrapper\"><a href=\"https:\/\/pureenergy.sk\/en\/portfolio\/solar-heaters-on-roof-top\/\"><img loading=\"lazy\" decoding=\"async\" width=\"770\" height=\"500\" src=\"https:\/\/pureenergy.sk\/wp-content\/uploads\/2018\/12\/IMGP0555-770x500.jpg\" class=\"attachment-cspt-img-770x500 size-cspt-img-770x500 wp-post-image\" alt=\"\" data-id=\"10264\" \/><\/a><\/div>\t\t<\/div>\t\t\t\n\t\t<div class=\"cspt-content-wrapper\">\n\t\t\t<h3 class=\"cspt-portfolio-title\"><a href=\"https:\/\/pureenergy.sk\/en\/portfolio\/solar-heaters-on-roof-top\/\">FVE Koz\u00ed Vrbovok 999 kW<\/a><\/h3>\t\n\t\t\t\t\t\t\t<div class=\"cspt-short-description\">\n\t\t\t\t\t<p>Fotovoltaick\u00e1 elektr\u00e1re\u0148 v obci Koz\u00ed Vrbovok je \u010fal\u0161\u00ed projekt vyu\u017eitia obnovite\u013en\u00fdch zdrojov spolo\u010dnosti Pure Energy. <\/p>\n\t\t\t\t<\/div>\n\t\t\t\t\t\t\t\t\t\t\n\t\t\t<div class=\"vc_btn3-container vc_btn3-inline\">\n\t\t\t\t<a class=\"vc_general vc_btn3 vc_btn3-size-md vc_btn3-shape-rounded vc_btn3-style-modern vc_btn3-color-globalcolor\" href=\"https:\/\/pureenergy.sk\/en\/portfolio\/solar-heaters-on-roof-top\/\" title=\"FVE Koz\u00ed Vrbovok 999 kW\"><span>Read More<\/span><\/a>\n\t\t\t<\/div>\n\t\t<\/div>\n\t<\/div>\n<\/article><\/div><\/div><\/div><!-- .creativesplanet-element-inner -->   <\/div><!-- .creativesplanet-element -->  \t\t<\/div>\n\t<\/div>\n<\/div>\n\n<\/div>\n<div class=\"vc_row-full-width vc_clearfix\"><\/div>","protected":false},"excerpt":{"rendered":"In\u0161talovan\u00fd \u0161pi\u010dkov\u00fd v\u00fdkon: 999 kWp Plocha fotovoltaick\u00fdch panelov: 7 267 m2 Ro\u010dn\u00e1 v\u00fdroba elektrickej energie: 1 111 MWh Ro\u010dn\u00e1 \u00faspora CO2: cca. 899 ton CO2","protected":false},"author":1,"featured_media":0,"parent":0,"menu_order":11,"comment_status":"closed","ping_status":"closed","template":"","meta":{"footnotes":""},"class_list":["post-8564","page","type-page","status-publish","hentry"],"acf":[],"_links":{"self":[{"href":"https:\/\/pureenergy.sk\/en\/wp-json\/wp\/v2\/pages\/8564","targetHints":{"allow":["GET"]}}],"collection":[{"href":"https:\/\/pureenergy.sk\/en\/wp-json\/wp\/v2\/pages"}],"about":[{"href":"https:\/\/pureenergy.sk\/en\/wp-json\/wp\/v2\/types\/page"}],"author":[{"embeddable":true,"href":"https:\/\/pureenergy.sk\/en\/wp-json\/wp\/v2\/users\/1"}],"replies":[{"embeddable":true,"href":"https:\/\/pureenergy.sk\/en\/wp-json\/wp\/v2\/comments?post=8564"}],"version-history":[{"count":2,"href":"https:\/\/pureenergy.sk\/en\/wp-json\/wp\/v2\/pages\/8564\/revisions"}],"predecessor-version":[{"id":10281,"href":"https:\/\/pureenergy.sk\/en\/wp-json\/wp\/v2\/pages\/8564\/revisions\/10281"}],"wp:attachment":[{"href":"https:\/\/pureenergy.sk\/en\/wp-json\/wp\/v2\/media?parent=8564"}],"curies":[{"name":"wp","href":"https:\/\/api.w.org\/{rel}","templated":true}]}}