{"id":8332,"date":"2018-11-29T05:38:27","date_gmt":"2018-11-29T05:38:27","guid":{"rendered":"http:\/\/localhost\/projects\/solar\/?page_id=8332"},"modified":"2021-07-14T10:54:56","modified_gmt":"2021-07-14T08:54:56","slug":"homepage-1","status":"publish","type":"page","link":"https:\/\/pureenergy.sk\/en\/","title":{"rendered":"Homepage 1"},"content":{"rendered":"<div class=\"vc_row wpb_row vc_row-fluid vc_custom_1549943663177 cspt-row cspt-bg-color-yes cspt-bg-color-transparent cspt-zindex-2\">\n\t\t\t\n<div class=\"cspt-box-shadow cspt-brdr-btm-effect wpb_column vc_column_container vc_col-sm-4 cspt-column cspt-bg-color-yes cspt-bg-color-white cspt-zindex-2 cspt-responsive-custom-94483742\">\n\t<div class=\"vc_column-inner vc_custom_1550226390066\">\n\t\t<div class=\"wpb_wrapper\">\n\t\t\t\n<div class=\"vc_row wpb_row vc_inner vc_row-fluid cspt-row-inner cspt-bg-color-yes cspt-bg-color-transparent cspt-zindex-zero\">\n\t<div class=\"wpb_column vc_column_container vc_col-sm-3 cspt-column-inner cspt-bg-color-yes cspt-bg-color-transparent cspt-zindex-zero\"><div class=\"vc_column-inner\"><div class=\"wpb_wrapper\"><div class=\"vc_icon_element vc_icon_element-outer vc_icon_element-align-right\">\n\t<div class=\"vc_icon_element-inner vc_icon_element-color-globalcolor vc_icon_element-size-md vc_icon_element-style- vc_icon_element-background-color-globalcolor\">\n\t\t<span class=\"vc_icon_element-icon fa fa-check\"><\/span><\/div>\n<\/div>\n<\/div><\/div><\/div><div class=\"wpb_column vc_column_container vc_col-sm-9 cspt-column-inner cspt-bg-color-yes cspt-bg-color-transparent cspt-zindex-zero\"><div class=\"vc_column-inner\"><div class=\"wpb_wrapper\"><h4 style=\"text-align: left;font-family:Anton;font-weight:400;font-style:normal\" class=\"vc_custom_heading\">Solar power plants<\/h4><\/div><\/div><\/div><\/div>\n\t\t<\/div>\n\t<\/div>\n<\/div>\n\n\n<div class=\"cspt-box-shadow cspt-brdr-btm-effect wpb_column vc_column_container vc_col-sm-4 cspt-column cspt-bg-color-yes cspt-bg-color-white cspt-zindex-2\">\n\t<div class=\"vc_column-inner vc_custom_1626252413519\">\n\t\t<div class=\"wpb_wrapper\">\n\t\t\t\n<div class=\"vc_row wpb_row vc_inner vc_row-fluid cspt-row-inner cspt-bg-color-yes cspt-bg-color-transparent cspt-zindex-zero\">\n\t<div class=\"wpb_column vc_column_container vc_col-sm-3 cspt-column-inner cspt-bg-color-yes cspt-bg-color-transparent cspt-zindex-zero\"><div class=\"vc_column-inner\"><div class=\"wpb_wrapper\"><div class=\"vc_icon_element vc_icon_element-outer vc_icon_element-align-right\">\n\t<div class=\"vc_icon_element-inner vc_icon_element-color-globalcolor vc_icon_element-size-md vc_icon_element-style- vc_icon_element-background-color-globalcolor\">\n\t\t<span class=\"vc_icon_element-icon fa fa-check\"><\/span><\/div>\n<\/div>\n<\/div><\/div><\/div><div class=\"wpb_column vc_column_container vc_col-sm-9 cspt-column-inner cspt-bg-color-yes cspt-bg-color-transparent cspt-zindex-zero\"><div class=\"vc_column-inner\"><div class=\"wpb_wrapper\"><h4 style=\"text-align: left;font-family:Anton;font-weight:400;font-style:normal\" class=\"vc_custom_heading\">Combined heat and power generation<\/h4><\/div><\/div><\/div><\/div>\n\t\t<\/div>\n\t<\/div>\n<\/div>\n\n\n<div class=\"cspt-box-shadow cspt-brdr-btm-effect wpb_column vc_column_container vc_col-sm-4 cspt-column cspt-bg-color-yes cspt-bg-color-white cspt-zindex-2\">\n\t<div class=\"vc_column-inner vc_custom_1626252695488\">\n\t\t<div class=\"wpb_wrapper\">\n\t\t\t\n<div class=\"vc_row wpb_row vc_inner vc_row-fluid cspt-row-inner cspt-bg-color-yes cspt-bg-color-transparent cspt-zindex-zero\">\n\t<div class=\"wpb_column vc_column_container vc_col-sm-3 cspt-column-inner cspt-bg-color-yes cspt-bg-color-transparent cspt-zindex-zero\"><div class=\"vc_column-inner\"><div class=\"wpb_wrapper\"><div class=\"vc_icon_element vc_icon_element-outer vc_icon_element-align-right\">\n\t<div class=\"vc_icon_element-inner vc_icon_element-color-globalcolor vc_icon_element-size-md vc_icon_element-style- vc_icon_element-background-color-globalcolor\">\n\t\t<span class=\"vc_icon_element-icon fa fa-check\"><\/span><\/div>\n<\/div>\n<\/div><\/div><\/div><div class=\"wpb_column vc_column_container vc_col-sm-9 cspt-column-inner cspt-bg-color-yes cspt-bg-color-transparent cspt-zindex-zero\"><div class=\"vc_column-inner\"><div class=\"wpb_wrapper\"><h4 style=\"text-align: left;font-family:Anton;font-weight:400;font-style:normal\" class=\"vc_custom_heading\">Other RES<\/h4><\/div><\/div><\/div><\/div>\n\t\t<\/div>\n\t<\/div>\n<\/div>\n\n<\/div>\n\n<div id=\"Onas\" data-vc-full-width=\"true\" data-vc-full-width-init=\"false\" class=\"vc_row wpb_row vc_row-fluid cspt-row cspt-bg-color-yes cspt-bg-color-white cspt-zindex-zero cspt-responsive-custom-19833902 cspt-break-col-991\">\n\t\t\t\n<div class=\"wpb_column vc_column_container vc_col-sm-6 cspt-column cspt-bg-color-yes cspt-bg-color-transparent cspt-zindex-zero cspt-responsive-custom-31462570\">\n\t<div class=\"vc_column-inner vc_custom_1550223998873\">\n\t\t<div class=\"wpb_wrapper\">\n\t\t\t<h2 style=\"text-align: left;font-family:Anton;font-weight:400;font-style:normal\" class=\"vc_custom_heading\" >Pure Energy is an investment and development company<\/h2>\n\t<div class=\"wpb_text_column wpb_content_element\" >\n\t\t<div class=\"wpb_wrapper\">\n\t\t\t<p>ktor\u00e1 sa \u0161pecializuje na v\u00fdrobu energie z obnovite\u013en\u00fdch zdrojov s vyu\u017eit\u00edm najmodernej\u0161\u00edch technologi\u00ed. Spolo\u010dnos\u0165 sa v s\u00fa\u010dasnosti zameriava prim\u00e1rne na development sol\u00e1rnych parkov, \u010di\u017ee elektr\u00e1rn\u00ed produkuj\u00facich elektrinu zo slen\u010dnej energie na b\u00e1ze technol\u00f3gi\u00ed fotovoltaick\u00fdch \u010dl\u00e1nkov. Z\u00e1merom spolo\u010dnosti je vybudova\u0165 v\u00fdznamn\u00e9 portf\u00f3lio projektov fotovoltaick\u00fdch elektr\u00e1rn\u00ed a sta\u0165 sa tak v\u00fdznamn\u00fdm hr\u00e1\u010dom v oblasti v\u00fdroby \u201e\u010distej energie\u201c vyrobenej z obnovite\u013en\u00fdch zdrojov energie na Slovensku.V dlhodobom horizonte spolo\u010dnos\u0165 pl\u00e1nuje, okrem sol\u00e1rnych parkov, investova\u0165 aj do in\u00fdch oblast\u00ed v\u00fdroby energie z obnovite\u013en\u00fdch zdrojov, a to:<\/p>\n\n\t\t<\/div>\n\t<\/div>\n<div  class=\"creativesplanet-ul-list cspt-ul-type-icon\"><ul><li><i class=\"cspt-globalcolor entypo-icon entypo-icon-check\"><\/i> mal\u00fdch vodn\u00fdch elektr\u00e1rn\u00ed<\/li><li><i class=\"cspt-globalcolor entypo-icon entypo-icon-check\"><\/i> elektr\u00e1rn\u00ed na vyu\u017eitie bioplynu<\/li><li><i class=\"cspt-globalcolor entypo-icon entypo-icon-check\"><\/i> elektr\u00e1rn\u00ed na vyu\u017eitie biomasy<\/li><li><i class=\"cspt-globalcolor entypo-icon entypo-icon-check\"><\/i> vetern\u00fdch parkov<\/li><\/ul><\/div><div class=\"vc_btn3-container vc_btn3-inline vc_custom_1591863444018\" >\n\t<a class=\"vc_general vc_btn3 vc_btn3-size-md vc_btn3-shape-rounded vc_btn3-style-outline vc_btn3-color-grey\" href=\"http:\/\/pureenergy.sk\/en\/contact-us\/\" title=\"Contact\"><span>Contact us<\/span><\/a><\/div>\n\t\t<\/div>\n\t<\/div>\n<\/div>\n\n\n<div class=\"wpb_column vc_column_container vc_col-sm-6 cspt-column cspt-bg-color-yes cspt-bg-color-transparent cspt-zindex-zero cspt-responsive-custom-92825199\">\n\t<div class=\"vc_column-inner vc_custom_1549952159126\">\n\t\t<div class=\"wpb_wrapper\">\n\t\t\t\n\t<div  class=\"wpb_single_image wpb_content_element vc_align_left  vc_custom_1550137250091  cspt-effect-img-2\">\n\t\t\n\t\t<figure class=\"wpb_wrapper vc_figure\">\n\t\t\t<div class=\"vc_single_image-wrapper   vc_box_border_grey\"><img loading=\"lazy\" decoding=\"async\" class=\"vc_single_image-img\" src=\"https:\/\/pureenergy.sk\/wp-content\/uploads\/2019\/02\/img-03-584x590.jpg\" width=\"584\" height=\"590\" alt=\"img-03\" title=\"img-03\" \/><\/div>\n\t\t<\/figure>\n\t<\/div>\n<div  class=\"creativesplanet-ele creativesplanet-ele-fid creativesplanet-ele-fid-style-2\"><div class=\"cspt-fld-contents\">\r\n\t<div class=\"cspt-sbox-icon-wrapper\"><i class=\"cspt-greenly-icon cspt-greenly-icon-recycling\"><\/i><\/div>\t<h4 class=\"cspt-fid-inner\">\r\n\t\t\t\t<span\r\n\t\t\tclass\t\t\t\t  = \"cspt-number-rotate\"\r\n\t\t\tdata-appear-animation = \"animateDigits\"\r\n\t\t\tdata-from             = \"0\"\r\n\t\t\tdata-to               = \"10\"\r\n\t\t\tdata-interval         = \"5\"\r\n\t\t\tdata-before           = \"\"\r\n\t\t\tdata-before-style     = \"\"\r\n\t\t\tdata-after            = \"\"\r\n\t\t\tdata-after-style      = \"\"\r\n\t\t\t>\r\n\t\t\t\t10\t\t<\/span>\r\n\t\t<span class=\"cspt-fid-sub\">years<\/span>\r\n\t<\/h4>\r\n\t<h3 class=\"cspt-fid-title\"><span>Experience<br><\/span><\/h3>\r\n<\/div><!-- .cspt-fld-contents -->\r\n\r\n<\/div>\t\t<\/div>\n\t<\/div>\n<\/div>\n\n<\/div>\n<div class=\"vc_row-full-width vc_clearfix\"><\/div>\n<div data-vc-full-width=\"true\" data-vc-full-width-init=\"false\" class=\"vc_row wpb_row vc_row-fluid vc_custom_1548739055171 cspt-row cspt-bg-color-yes cspt-bg-color-light cspt-zindex-zero cspt-bgimage-position-right-bottom cspt-bgimage-yes vc_row-has-fill\">\n\t\t\t\n<div class=\"wpb_column vc_column_container vc_col-sm-12 cspt-column cspt-bg-color-yes cspt-bg-color-transparent cspt-zindex-zero\">\n\t<div class=\"vc_column-inner\">\n\t\t<div class=\"wpb_wrapper\">\n\t\t\t<h2 style=\"text-align: center;font-family:Anton;font-weight:400;font-style:normal\" class=\"vc_custom_heading\" >Realized projects<\/h2>\n\t<div class=\"wpb_text_column wpb_content_element\" >\n\t\t<div class=\"wpb_wrapper\">\n\t\t\t<style type=\"text\/css\" id=\"umsMapStyles_1_43488\">\r\n\t#ultimate_maps_1_43488 {\r\n        width: 100%;\r\n        height: 400px;\r\n\t        border: 0px solid ;\r\n        margin: 0px;\r\n    }\r\n\t#mapsControlsNum_1_43488 {\r\n\t\twidth:100%\t}\r\n\t.umsMapDetailsContainer#umsMapDetailsContainer_1_43488 {\r\n\t\theight:400px;\r\n\t}\r\n\t.ums_MapPreview#ultimate_maps_1_43488 {\r\n\t\t\/*position:absolute;*\/\r\n\t\twidth:100%;\r\n\t}\r\n\t#mapConElem_1_43488{\r\n\t\twidth:100%\t}\r\n\t<\/style>\r\n<div class=\"ums_map_opts\" id=\"mapConElem_1_43488\" data-id=\"1\" data-view-id=\"1_43488\" > <div class=\"umsMapDetailsContainer\" id=\"umsMapDetailsContainer_1_43488\"> <i class=\"umsKMLLayersPreloader fa fa-spinner fa-spin\" aria-hidden=\"true\" style=\"display: none;\"><\/i> <div class=\"ums_MapPreview\" id=\"ultimate_maps_1_43488\"><\/div> <\/div> <div class=\"umsMapMarkerFilters\" id=\"umsMapMarkerFilters_1_43488\"> <\/div> <div class=\"umsMapProControlsCon\" id=\"umsMapProControlsCon_1_43488\"> <\/div> <div class=\"umsMapProDirectionsCon\" id=\"umsMapProDirectionsCon_1_43488\" > <\/div> <div class=\"umsMapProKmlFilterCon\" id=\"umsMapProKmlFilterCon_1_43488\" > <\/div> <div class=\"umsSocialSharingShell umsSocialSharingShell_1_43488\"> <\/div> <div style=\"clear: both;\"><\/div> <\/div> \n\n\t\t<\/div>\n\t<\/div>\n\t\t<\/div>\n\t<\/div>\n<\/div>\n\n<\/div>\n<div class=\"vc_row-full-width vc_clearfix\"><\/div>\n<div data-vc-full-width=\"true\" data-vc-full-width-init=\"false\" class=\"vc_row wpb_row vc_row-fluid vc_custom_1549943751404 cspt-row cspt-text-color-yes cspt-text-color-white cspt-bg-color-yes cspt-bg-color-globalcolor cspt-zindex-zero\">\n\t\t\t\n<div class=\"wpb_column vc_column_container vc_col-sm-8 cspt-column cspt-bg-color-yes cspt-bg-color-transparent cspt-zindex-zero\">\n\t<div class=\"vc_column-inner\">\n\t\t<div class=\"wpb_wrapper\">\n\t\t\t<h2 style=\"font-size: 32px;line-height: 40px;text-align: left\" class=\"vc_custom_heading vc_custom_1579260359639\" >Do you have an incredible project now?<\/h2>\n\t<div class=\"wpb_text_column wpb_content_element  vc_custom_1579260385888\" >\n\t\t<div class=\"wpb_wrapper\">\n\t\t\t<p>Do you need help with its realization?<\/p>\n\n\t\t<\/div>\n\t<\/div>\n\t\t<\/div>\n\t<\/div>\n<\/div>\n\n\n<div class=\"wpb_column vc_column_container vc_col-sm-4 cspt-column cspt-bg-color-yes cspt-bg-color-transparent cspt-zindex-zero\">\n\t<div class=\"vc_column-inner\">\n\t\t<div class=\"wpb_wrapper\">\n\t\t\t<div class=\"vc_btn3-container  cspt-align-left-767 vc_btn3-right vc_custom_1591863423222\" >\n\t<a class=\"vc_general vc_btn3 vc_btn3-size-md vc_btn3-shape-rounded vc_btn3-style-outline vc_btn3-color-white\" href=\"http:\/\/pureenergy.sk\/en\/contact-us\/\" title=\"Contact\"><span>Contact us<\/span><\/a><\/div>\n\t\t<\/div>\n\t<\/div>\n<\/div>\n\n<\/div>\n<div class=\"vc_row-full-width vc_clearfix\"><\/div>","protected":false},"excerpt":{"rendered":"Sol\u00e1rne elektr\u00e1rne Kombinovan\u00e1 v\u00fdroba elektriny a tepla In\u00e9 OZE Pure Energy je investi\u010dno-developersk\u00e1 spolo\u010dnos\u0165 ktor\u00e1 sa \u0161pecializuje na v\u00fdrobu energie z obnovite\u013en\u00fdch zdrojov s vyu\u017eit\u00edm najmodernej\u0161\u00edch technologi\u00ed. Spolo\u010dnos\u0165 sa v s\u00fa\u010dasnosti zameriava prim\u00e1rne na development sol\u00e1rnych parkov, \u010di\u017ee elektr\u00e1rn\u00ed produkuj\u00facich elektrinu zo slen\u010dnej energie na b\u00e1ze technol\u00f3gi\u00ed fotovoltaick\u00fdch \u010dl\u00e1nkov. Z\u00e1merom spolo\u010dnosti je vybudova\u0165 v\u00fdznamn\u00e9 portf\u00f3lio [...]","protected":false},"author":1,"featured_media":0,"parent":0,"menu_order":1,"comment_status":"closed","ping_status":"closed","template":"","meta":{"footnotes":""},"class_list":["post-8332","page","type-page","status-publish","hentry"],"acf":[],"_links":{"self":[{"href":"https:\/\/pureenergy.sk\/en\/wp-json\/wp\/v2\/pages\/8332","targetHints":{"allow":["GET"]}}],"collection":[{"href":"https:\/\/pureenergy.sk\/en\/wp-json\/wp\/v2\/pages"}],"about":[{"href":"https:\/\/pureenergy.sk\/en\/wp-json\/wp\/v2\/types\/page"}],"author":[{"embeddable":true,"href":"https:\/\/pureenergy.sk\/en\/wp-json\/wp\/v2\/users\/1"}],"replies":[{"embeddable":true,"href":"https:\/\/pureenergy.sk\/en\/wp-json\/wp\/v2\/comments?post=8332"}],"version-history":[{"count":32,"href":"https:\/\/pureenergy.sk\/en\/wp-json\/wp\/v2\/pages\/8332\/revisions"}],"predecessor-version":[{"id":10325,"href":"https:\/\/pureenergy.sk\/en\/wp-json\/wp\/v2\/pages\/8332\/revisions\/10325"}],"wp:attachment":[{"href":"https:\/\/pureenergy.sk\/en\/wp-json\/wp\/v2\/media?parent=8332"}],"curies":[{"name":"wp","href":"https:\/\/api.w.org\/{rel}","templated":true}]}}