{"id":3,"date":"2020-01-16T11:25:06","date_gmt":"2020-01-16T10:25:06","guid":{"rendered":"http:\/\/pureenergy.fofos.sk\/?page_id=3"},"modified":"2020-04-20T08:33:16","modified_gmt":"2020-04-20T06:33:16","slug":"ochrana-sukromia","status":"publish","type":"page","link":"https:\/\/pureenergy.sk\/en\/ochrana-sukromia\/","title":{"rendered":"Privacy"},"content":{"rendered":"<div class=\"vc_row wpb_row vc_row-fluid cspt-row cspt-bg-color-yes cspt-bg-color-transparent cspt-zindex-zero\">\n\t\t\t\n<div class=\"wpb_column vc_column_container vc_col-sm-12 cspt-column cspt-bg-color-yes cspt-bg-color-transparent cspt-zindex-zero\">\n\t<div class=\"vc_column-inner\">\n\t\t<div class=\"wpb_wrapper\">\n\t\t\t\n\t<div class=\"wpb_text_column wpb_content_element\" >\n\t\t<div class=\"wpb_wrapper\">\n\t\t\t<p><strong>Ozn\u00e1menie o\u00a0ochrane osobn\u00fdch \u00fadajov<\/strong><\/p>\n<p><strong>Kto sme?<\/strong><\/p>\n<p>Spolo\u010dnos\u0165 Pure Energy, a.s., je investi\u010dno-developersk\u00e1 spolo\u010dnos\u0165, ktor\u00e1 sa zameriava predov\u0161etk\u00fdm na projekty z\u00a0oblasti obnovite\u013en\u00fdch zdrojov energie, ale aj na projekty z\u00a0konven\u010dnej energetiky. Pure Energy, a.s. z\u00e1rove\u0148 vykon\u00e1va poradensk\u00fa \u010dinnos\u0165 v\u00a0oblasti energetiky a\u00a0energetick\u00e9ho hospod\u00e1rstva pre spolo\u010dnosti v\u00a0r\u00e1mci skupiny Pro Partners Holding.<\/p>\n<p>&nbsp;<\/p>\n<p><strong>Osobn\u00e9 \u00fadaje <\/strong><\/p>\n<p>Osobn\u00fdmi \u00fadajmi s\u00fa pod\u013ea z\u00e1kona \u010d. 18\/2018 Z.z. o ochrane osobn\u00fdch \u00fadajov o\u00a0zmene a\u00a0doplnen\u00ed niektor\u00fdch z\u00e1konov \u00fadaje t\u00fdkaj\u00face sa identifikovanej fyzickej osoby alebo identifikovate\u013enej fyzickej osoby, ktor\u00fa mo\u017eno identifikova\u0165 priamo alebo nepriamo, najm\u00e4 na z\u00e1klade v\u0161eobecne pou\u017eite\u013en\u00e9ho identifik\u00e1tora, in\u00e9ho identifik\u00e1tora ako je napr\u00edklad meno, priezvisko, identifika\u010dn\u00e9 \u010d\u00edslo, lokaliza\u010dn\u00e9 \u00fadaje, alebo online identifik\u00e1tor, alebo na z\u00e1klade jednej alebo viacer\u00fdch charakterist\u00edk alebo znakov, ktor\u00e9 tvoria jej fyzick\u00fa identitu, fyziologick\u00fa identitu, genetick\u00fa identitu, psychick\u00fa identitu, ment\u00e1lnu identitu, ekonomick\u00fa identitu, kult\u00farnu identitu alebo soci\u00e1lnu identitu.<\/p>\n<p><em>\u00a0<\/em><\/p>\n<ul>\n<li><strong>Pre\u010do s\u00fa V\u00e1m tieto inform\u00e1cie poskytovan\u00e9?<\/strong><\/li>\n<li>Ochrana va\u0161ich osobn\u00fdch \u00fadajov je pre n\u00e1s ve\u013emi d\u00f4le\u017eit\u00e1. Transparentnos\u0165 spracovania osobn\u00fdch \u00fadajov dotknut\u00fdch os\u00f4b je k\u013e\u00fa\u010dov\u00fdm princ\u00edpom eur\u00f3pskeho nariadenia o v\u0161eobecn\u00fdch ochrann\u00fdch \u00fadajoch (GDPR), ktor\u00e9 je priamo implementovan\u00e9 do Z\u00e1kona \u010d. 18\/2018 Z.z. o ochrane osobn\u00fdch \u00fadajov. Tento z\u00e1kon sa m\u00e1 uplat\u0148ova\u0165 od 25. m\u00e1ja 2018. Va\u0161e osobn\u00e9 \u00fadaje s\u00fa spracov\u00e1van\u00e9 v s\u00falade s ustanoveniami GDPR a Z\u00e1konom \u010d. 18\/2018 Z.z. o ochrane osobn\u00fdch \u00fadajov. Tak\u00e9to spracovanie zah\u0155\u0148a zhroma\u017e\u010fovanie, ukladanie, pou\u017e\u00edvanie, zmenu .<\/li>\n<\/ul>\n<p><strong>Kto je zodpovedn\u00fd za spracovanie Va\u0161ich osobn\u00fdch \u00fadajov?<\/strong><\/p>\n<p>Prev\u00e1dzkovate\u013e: Pure Energy, a.s.<\/p>\n<p>S\u00eddlo spolo\u010dnosti: Mal\u00fd trh 2\/A, 811 08 Bratislava<\/p>\n<p>&nbsp;<\/p>\n<p>Kon\u00e1me v s\u00falade so z\u00e1sadami sprac\u00favania osobn\u00fdch \u00fadajov pod\u013ea z\u00e1kona \u010d. 18\/2018 Z.z. o ochrane osobn\u00fdch \u00fadajov a osobn\u00e9\u00a0 \u00fadaje, ktor\u00e9 evidujeme, s\u00fa :<\/p>\n<ul>\n<li>pou\u017e\u00edvan\u00e9 v s\u00falade so z\u00e1konom, spravodlivo a v transparentnej podobe,<\/li>\n<li>vyzbieran\u00e9 len na opodstatnen\u00e9 \u00fa\u010dely a nesm\u00fa by\u0165 pou\u017eit\u00e9 vo forme, ktor\u00e1 nie je kompatibiln\u00e1 s pop\u00edsan\u00fdmi \u00fa\u010delmi,<\/li>\n<li>relevantn\u00e9 pre \u00fa\u010dely, ktor\u00e9 sme V\u00e1m pop\u00edsali v ozn\u00e1men\u00ed a ich pou\u017eitie bude limitovan\u00e9 v\u00fdhradne iba pre tieto \u00fa\u010dely,<\/li>\n<li>presn\u00e9 a\u00a0aktualizovan\u00e9,<\/li>\n<li>dr\u017ean\u00e9 v evidencii len po dobu, ktor\u00e1 je relevantn\u00e1 s \u00fa\u010delmi, s ktor\u00fdmi sme V\u00e1s obozn\u00e1mili,<\/li>\n<li>uchov\u00e1van\u00e9 v bezpe\u010dn\u00fdch podmienkach.<\/li>\n<\/ul>\n<p><strong>\u00a0<\/strong><\/p>\n<p><strong>Kto je pr\u00edslu\u0161n\u00fdm org\u00e1nom doh\u013eadu nad ochranou osobn\u00fdch \u00fadajov<\/strong><strong>?<\/strong><\/p>\n<table width=\"326\">\n<tbody>\n<tr>\n<td width=\"326\">\u00darad pre ochranu osobn\u00fdch \u00fadajov<\/td>\n<\/tr>\n<tr>\n<td width=\"326\">\n<p>Hrani\u010dn\u00e1 12<\/p>\n<p>820 07 Bratislava 27<\/p>\n<p>Slovensk\u00e1 republika<\/td>\n<\/tr>\n<tr>\n<td width=\"326\">statny.dozor@pdp.gov.sk<\/td>\n<\/tr>\n<tr>\n<td width=\"326\">+421 \/2\/ 3231 3214<\/td>\n<\/tr>\n<\/tbody>\n<\/table>\n<p><strong>\u00a0<\/strong><\/p>\n<p><strong>\u00a0<\/strong><\/p>\n<p><strong>Pre\u010do mus\u00ed spolo\u010dnos\u0165 zhroma\u017e\u010fova\u0165 a uchov\u00e1va\u0165 moje osobn\u00e9 \u00fadaje?<\/strong><\/p>\n<p><strong>Ako bude spolo\u010dnos\u0165 pou\u017e\u00edva\u0165 osobn\u00e9 \u00fadaje, ktor\u00e9 o mne zhroma\u017e\u010fuje?:<\/strong><\/p>\n<p>Spolo\u010dnos\u0165 sprac\u00fava osobn\u00e9 \u00fadaje na V zmysle z\u00e1kona \u010d. 395\/2002 Z. z. o\u00a0arch\u00edvoch a\u00a0registrat\u00farach a\u00a0o\u00a0doplnen\u00ed niektor\u00fdch z\u00e1konov v\u00a0znen\u00ed\u00a0 neskor\u0161\u00edch predpisov. Prev\u00e1dzkovate\u013e uchov\u00e1va osobn\u00e9 \u00fadaje dotknutej osoby v\u00a0s\u00falade s\u00a0registrat\u00farnym pl\u00e1nom.<\/p>\n<p>&nbsp;<\/p>\n<p>Na \u00fa\u010dely spr\u00e1vneho fungovania n\u00e1\u0161ho webov\u00e9ho s\u00eddla vyu\u017e\u00edva na\u0161e webov\u00e9 s\u00eddlo s\u00fabory cookies.<\/p>\n<p>S\u00fabory cookies s\u00fa mal\u00e9 textov\u00e9 s\u00fabory, ktor\u00e9 sa ukladaj\u00fa do v\u00e1\u0161ho zariadenia pri n\u00e1v\u0161teve n\u00e1\u0161ho webov\u00e9ho s\u00eddla. Pou\u017e\u00edvan\u00edm s\u00faborov cookies neporu\u0161ujeme z\u00e1kon \u010d. 18\/2018 Z.z. o ochrane osobn\u00fdch \u00fadajov, nako\u013eko ich pou\u017e\u00edvan\u00edm nezhroma\u017e\u010fujeme osobn\u00e9 \u00fadaje a ani ich neposkytujeme tret\u00edm stran\u00e1m. Ka\u017ed\u00fd u\u017e\u00edvate\u013e prezeran\u00edm n\u00e1\u0161ho webov\u00e9ho s\u00eddla s\u00fahlas\u00ed s ich pou\u017e\u00edvan\u00edm a ukladan\u00edm do jeho zariadenia. O tejto skuto\u010dnosti je n\u00e1v\u0161tevn\u00edk webov\u00e9ho s\u00eddla upozornen\u00fd pri ka\u017edej n\u00e1v\u0161teve a svoj s\u00fahlas prejavuje pokra\u010dovan\u00edm v prezeran\u00ed na\u0161ej webovej str\u00e1nky.<\/p>\n<p>&nbsp;<\/p>\n<p>S\u00fabory cookies pom\u00e1haj\u00fa napr.:<\/p>\n<ul>\n<li>k spr\u00e1vnej funk\u010dnosti webov\u00e9ho s\u00eddla<\/li>\n<li>pri zapam\u00e4t\u00e1van\u00ed vyh\u013ead\u00e1van\u00fdch inform\u00e1ci\u00ed,<\/li>\n<li>pri zis\u0165ovan\u00ed, ktor\u00e9 str\u00e1nky a funkcie pou\u017e\u00edvaj\u00fa n\u00e1v\u0161tevn\u00edci naj\u010dastej\u0161ie.<\/li>\n<\/ul>\n<p>&nbsp;<\/p>\n<p>Ak\u00e9 m\u00e1te pr\u00e1va ako dotknut\u00e1 osoba?<\/p>\n<p>Ak spolo\u010dnos\u0165 sprac\u00fava, alebo uchov\u00e1va Va\u0161e osobn\u00e9 \u00fadaje, m\u00f4\u017eete, pod\u013ea platn\u00fdch pr\u00e1vnych predpisov, po\u017eiada\u0165 o nasleduj\u00face:<\/p>\n<ul>\n<li>z\u00edska\u0165 od prev\u00e1dzkovate\u013ea potvrdenie o tom, \u010di sa sprac\u00favaj\u00fa osobn\u00e9 \u00fadaje, ktor\u00e9 sa V\u00e1s t\u00fdkaj\u00fa. Ak prev\u00e1dzkovate\u013e tak\u00e9to osobn\u00e9 \u00fadaje sprac\u00fava, ako dotknut\u00e1 osoba m\u00e1te pr\u00e1vo z\u00edska\u0165 pr\u00edstup k t\u00fdmto osobn\u00fdm \u00fadajom a inform\u00e1cie o \u00fa\u010dele sprac\u00favania osobn\u00fdch \u00fadajov; kateg\u00f3rii sprac\u00favan\u00fdch osobn\u00fdch \u00fadajov; identifik\u00e1cii pr\u00edjemcu alebo o kateg\u00f3rii pr\u00edjemcu, ktor\u00e9mu boli, alebo maj\u00fa by\u0165 osobn\u00e9 \u00fadaje poskytnut\u00e9, najm\u00e4 o pr\u00edjemcovi v tretej krajine alebo o medzin\u00e1rodnej organiz\u00e1cii, ak je to mo\u017en\u00e9; dobe uchov\u00e1vania osobn\u00fdch \u00fadajov, ak to nie je mo\u017en\u00e9, inform\u00e1ciu o krit\u00e9ri\u00e1ch jej ur\u010denia; pr\u00e1ve po\u017eadova\u0165 od prev\u00e1dzkovate\u013ea opravu osobn\u00fdch \u00fadajov t\u00fdkaj\u00facich sa dotknutej osoby, ich vymazanie alebo obmedzenie ich sprac\u00favania, alebo o pr\u00e1ve namieta\u0165 sprac\u00favanie osobn\u00fdch \u00fadajov.<\/li>\n<li>o to, aby prev\u00e1dzkovate\u013e bez zbyto\u010dn\u00e9ho odkladu opravil nespr\u00e1vne osobn\u00e9 \u00fadaje, ktor\u00e9 sa V\u00e1s t\u00fdkaj\u00fa. So zrete\u013eom na \u00fa\u010del sprac\u00favania osobn\u00fdch \u00fadajov m\u00e1te pr\u00e1vo ako dotknut\u00e1 osoba na doplnenie ne\u00fapln\u00fdch osobn\u00fdch \u00fadajov.<\/li>\n<li>na to, aby prev\u00e1dzkovate\u013e obmedzil sprac\u00favanie osobn\u00fdch \u00fadajov, ak:\n<ul>\n<li>ako dotknut\u00e1 osoba namietate spr\u00e1vnos\u0165 osobn\u00fdch \u00fadajov, a to po\u010das obdobia umo\u017e\u0148uj\u00faceho prev\u00e1dzkovate\u013eovi overi\u0165 spr\u00e1vnos\u0165 osobn\u00fdch \u00fadajov,<\/li>\n<li>sprac\u00favanie osobn\u00fdch \u00fadajov je nez\u00e1konn\u00e9 a\u00a0ako dotknut\u00e1 osoba namietate vymazanie osobn\u00fdch \u00fadajov a \u017eiadate namiesto toho obmedzenie ich pou\u017eitia,<\/li>\n<li>prev\u00e1dzkovate\u013e u\u017e nepotrebuje osobn\u00e9 \u00fadaje na \u00fa\u010del sprac\u00favania osobn\u00fdch \u00fadajov, ale potrebujete ich ako dotknut\u00e1 osoba na uplatnenie pr\u00e1vneho n\u00e1roku, alebo<\/li>\n<li>namietate sprac\u00favanie osobn\u00fdch \u00fadajov pod\u013ea\u00a0\u00a7 27 ods. 1 z\u00e1kona \u010d. 18\/2018 Z.z., a to a\u017e do overenia, \u010di opr\u00e1vnen\u00e9 d\u00f4vody na strane prev\u00e1dzkovate\u013ea preva\u017euj\u00fa nad opr\u00e1vnen\u00fdmi d\u00f4vodmi V\u00e1s ako dotknutej osoby.<\/li>\n<\/ul>\n<\/li>\n<\/ul>\n<p>&nbsp;<\/p>\n<p>V\u0161etky vy\u0161\u0161ie\u00a0 uveden\u00e9 \u017eiadosti bud\u00fa odoslan\u00e9 tret\u00edm stran\u00e1m v pr\u00edpade, ak boli Va\u0161e osobn\u00e9 \u00fadaje predmetom zdie\u013eania s tre\u0165ou stranou.<\/p>\n<p><strong>Pr\u00e1vo dotknutej osoby poda\u0165 n\u00e1vrh na za\u010datie konania v zmysle ustanovenia \u00a7 100 z\u00e1kona o ochrane osobn\u00fdch \u00fadajov<\/strong><\/p>\n<p>Dotknut\u00e1 osoba, ktor\u00e1 sa domnieva, \u017ee doch\u00e1dza k neopr\u00e1vnen\u00e9mu sprac\u00favaniu jej osobn\u00fdch \u00fadajov alebo do\u0161lo k zneu\u017eitiu jej osobn\u00fdch \u00fadajov, m\u00f4\u017ee na \u00darade pre ochranu osobn\u00fdch \u00fadajov Slovenskej republiky (\u010falej len ,,\u00darad\u201c) poda\u0165 n\u00e1vrh na za\u010datie konania o ochrane osobn\u00fdch \u00fadajov. N\u00e1vrh na za\u010datie konania mo\u017eno poda\u0165 p\u00edsomne, osobne \u00fastnou formou do z\u00e1pisnice, elektronick\u00fdmi prostriedkami, pri\u010dom mus\u00ed by\u0165 podp\u00edsan\u00fd zaru\u010den\u00fdm elektronick\u00fdm podpisom, telegraficky alebo telefaxom, ktor\u00fd v\u0161ak treba p\u00edsomne alebo \u00fastne do z\u00e1pisnice doplni\u0165 najnesk\u00f4r do 3 dn\u00ed.<\/p>\n<p>Predmetn\u00fd n\u00e1vrh mus\u00ed v zmysle ustanovenia \u00a7 63 ods. 2 z\u00e1kona o ochrane osobn\u00fdch \u00fadajov obsahova\u0165:<br \/>\nmeno, priezvisko, adresu trval\u00e9ho pobytu a podpis navrhovate\u013ea, ozna\u010denie toho, proti komu n\u00e1vrh smeruje; n\u00e1zov alebo meno a priezvisko, s\u00eddlo alebo trval\u00fd pobyt, pr\u00edpadne pr\u00e1vnu formu a identifika\u010dn\u00e9 \u010d\u00edslo, predmet n\u00e1vrhu s ozna\u010den\u00edm, ktor\u00e9 pr\u00e1va sa pod\u013ea tvrdenia navrhovate\u013ea pri sprac\u00favan\u00ed osobn\u00fdch \u00fadajov poru\u0161ili, d\u00f4kazy na podporu tvrden\u00ed uveden\u00fdch v n\u00e1vrhu,<br \/>\nk\u00f3piu listiny preukazuj\u00facej uplatnenie pr\u00e1va pod\u013ea \u00a7 28, ak sa tak\u00e9to pr\u00e1vo mohlo uplatni\u0165, alebo uvedenie d\u00f4vodov hodn\u00fdch osobitn\u00e9ho zrete\u013ea.<\/p>\n<p>&nbsp;<\/p>\n<p><strong>Ako si m\u00f4\u017eete svoje pr\u00e1va uplatni\u0165?<\/strong><\/p>\n<p>Ak si chcete uplatni\u0165 svoje pr\u00e1va ako dotknutej osoby v\u00a0s\u00favislosti so sprac\u00favan\u00edm Va\u0161ich osobn\u00fdch \u00fadajov, kontaktujte n\u00e1s na mailovej adrese pure.energy(at)pureenergy.sk. My V\u00e1m sp\u00e4tne po\u0161leme \u017eiados\u0165 o\u00a0pr\u00edstup k\u00a0predmetu REC 4.2. Vyplnen\u00edm a\u00a0zaslan\u00edm n\u00e1m tejto \u017eiadosti a\u00a0n\u00e1slednej identifik\u00e1cie, V\u00e1s, ako dotknutej osoby, na z\u00e1klade uveden\u00fdch \u00fadajov v\u00a0\u017eiadosti, t\u00fato zaregistrujeme a\u00a0vybav\u00edme v\u00a0z\u00e1konnej lehote.<\/p>\n<p>V pr\u00edpade, \u017ee si \u017eel\u00e1te poda\u0165 s\u0165a\u017enos\u0165 na spracovanie Va\u0161ich osobn\u00fdch \u00fadajov spolo\u010dnos\u0165ou (alebo tret\u00edmi stranami), alebo na sp\u00f4sob, ako bola Va\u0161a s\u0165a\u017enos\u0165 vybaven\u00e1, m\u00e1te pr\u00e1vo poda\u0165 s\u0165a\u017enos\u0165 priamo dozorn\u00e9mu org\u00e1nu, n\u00e1vrh na za\u010datie konania v zmysle ustanovenia \u00a7 100 z\u00e1kona o ochrane osobn\u00fdch \u00fadajov.<\/p>\n<p>&nbsp;<\/p>\n\n\t\t<\/div>\n\t<\/div>\n\t\t<\/div>\n\t<\/div>\n<\/div>\n\n<\/div>\n\n<div class=\"vc_row wpb_row vc_row-fluid cspt-row cspt-bg-color-yes cspt-bg-color-transparent cspt-zindex-zero\">\n\t\t\t\n<div class=\"wpb_column vc_column_container vc_col-sm-12 cspt-column cspt-bg-color-yes cspt-bg-color-transparent cspt-zindex-zero\">\n\t<div class=\"vc_column-inner\">\n\t\t<div class=\"wpb_wrapper\">\n\t\t\t<div class=\"vc_btn3-container vc_btn3-center\" >\n\t<a class=\"vc_general vc_btn3 vc_btn3-size-md vc_btn3-shape-rounded vc_btn3-style-modern vc_btn3-color-globalcolor\" href=\"http:\/\/pureenergy.fofos.sk\/wp-content\/uploads\/2020\/02\/Pr\u00edloha-\u010d.4-\u017diados\u0165-o-pr\u00edstup-k-predmetuPure-Energy_REC_4.2.docx\" title=\"\"><span>\u017diados\u0165 o pr\u00edstup...<\/span><\/a><\/div>\n\t\t<\/div>\n\t<\/div>\n<\/div>\n\n<\/div>","protected":false},"excerpt":{"rendered":"Ozn\u00e1menie o\u00a0ochrane osobn\u00fdch \u00fadajov Kto sme? Spolo\u010dnos\u0165 Pure Energy, a.s., je investi\u010dno-developersk\u00e1 spolo\u010dnos\u0165, ktor\u00e1 sa zameriava predov\u0161etk\u00fdm na projekty z\u00a0oblasti obnovite\u013en\u00fdch zdrojov energie, ale aj na projekty z\u00a0konven\u010dnej energetiky. Pure Energy, a.s. z\u00e1rove\u0148 vykon\u00e1va poradensk\u00fa \u010dinnos\u0165 v\u00a0oblasti energetiky a\u00a0energetick\u00e9ho hospod\u00e1rstva pre spolo\u010dnosti v\u00a0r\u00e1mci skupiny Pro Partners Holding. &nbsp; Osobn\u00e9 \u00fadaje Osobn\u00fdmi \u00fadajmi s\u00fa pod\u013ea z\u00e1kona [...]","protected":false},"author":1,"featured_media":0,"parent":0,"menu_order":0,"comment_status":"closed","ping_status":"open","template":"","meta":{"footnotes":""},"class_list":["post-3","page","type-page","status-publish","hentry"],"acf":[],"_links":{"self":[{"href":"https:\/\/pureenergy.sk\/en\/wp-json\/wp\/v2\/pages\/3","targetHints":{"allow":["GET"]}}],"collection":[{"href":"https:\/\/pureenergy.sk\/en\/wp-json\/wp\/v2\/pages"}],"about":[{"href":"https:\/\/pureenergy.sk\/en\/wp-json\/wp\/v2\/types\/page"}],"author":[{"embeddable":true,"href":"https:\/\/pureenergy.sk\/en\/wp-json\/wp\/v2\/users\/1"}],"replies":[{"embeddable":true,"href":"https:\/\/pureenergy.sk\/en\/wp-json\/wp\/v2\/comments?post=3"}],"version-history":[{"count":8,"href":"https:\/\/pureenergy.sk\/en\/wp-json\/wp\/v2\/pages\/3\/revisions"}],"predecessor-version":[{"id":10259,"href":"https:\/\/pureenergy.sk\/en\/wp-json\/wp\/v2\/pages\/3\/revisions\/10259"}],"wp:attachment":[{"href":"https:\/\/pureenergy.sk\/en\/wp-json\/wp\/v2\/media?parent=3"}],"curies":[{"name":"wp","href":"https:\/\/api.w.org\/{rel}","templated":true}]}}